{"id":141,"date":"2021-06-21T23:55:43","date_gmt":"2021-06-22T05:55:43","guid":{"rendered":"http:\/\/asorocheservicios.epizy.com\/?page_id=141"},"modified":"2022-01-11T06:24:53","modified_gmt":"2022-01-11T06:24:53","slug":"el-establo-mountain-resort-private-reserve","status":"publish","type":"page","link":"https:\/\/asorocheservicios.com\/?page_id=141","title":{"rendered":"El Establo Mountain Resort &#038; Private Reserve"},"content":{"rendered":"\n<p>Deseamos informarles de un nuevo convenio con <strong>El Establo Mountain Resort &amp; Private Reserve en Monteverde<\/strong>, este les brinda un precio especial:<\/p>\n\n\n\n<ul class=\"wp-block-list\"><li><strong>Tarifa de $155<\/strong> la noche en habitaci\u00f3n Deluxe<\/li><li><strong>Aplica para 2 adultos<\/strong><\/li><li><strong>Incluye desayuno<\/strong><\/li><li>Incluye impuestos<\/li><\/ul>\n\n\n\n<p>Les adjunto el link del hotel: <a href=\"http:\/\/www.elestablo.com\/\" target=\"_blank\" rel=\"noreferrer noopener\">http:\/\/www.elestablo.com<\/a><\/p>\n\n\n\n<p>Pueden contactar a Diego Quesada al correo electr\u00f3nico <a href=\"mailto:info@elestablo.com\" target=\"_blank\" rel=\"noreferrer noopener\">info@elestablo.com<\/a> , al 2645-5110 o al WhatsApp 8549-8181 e indicar que son empleados de Roche.<\/p>\n\n\n\n<p>Reiteramos nuestro compromiso en seguir trabajando en mejorar d\u00eda con d\u00eda y poder satisfacer las necesidades de nuestros asociados. \u00a1Pronto m\u00e1s buenas noticias!<\/p>\n\n\n\n<p>Atentamente,<\/p>\n\n\n\n<p>Junta Directiva ASOROCHESERVICIOS<\/p>\n\n\n\n<div class=\"wp-block-media-text alignwide has-media-on-the-right is-stacked-on-mobile is-vertically-aligned-top\"><figure class=\"wp-block-media-text__media\"><img loading=\"lazy\" decoding=\"async\" width=\"279\" height=\"338\" src=\"http:\/\/asorocheservicios.com\/wp-content\/uploads\/2022\/01\/pizote-15b82a29.png\" alt=\"\" class=\"wp-image-636 size-full\" srcset=\"https:\/\/asorocheservicios.com\/wp-content\/uploads\/2022\/01\/pizote-15b82a29.png 279w, https:\/\/asorocheservicios.com\/wp-content\/uploads\/2022\/01\/pizote-15b82a29-248x300.png 248w, https:\/\/asorocheservicios.com\/wp-content\/uploads\/2022\/01\/pizote-15b82a29-96x116.png 96w\" sizes=\"auto, (max-width: 279px) 100vw, 279px\" \/><\/figure><div class=\"wp-block-media-text__content\">\n<figure class=\"wp-block-image size-full\"><img loading=\"lazy\" decoding=\"async\" width=\"1024\" height=\"296\" src=\"http:\/\/asorocheservicios.com\/wp-content\/uploads\/2022\/01\/logo-night-1024x296-1.jpeg\" alt=\"\" class=\"wp-image-623\" srcset=\"https:\/\/asorocheservicios.com\/wp-content\/uploads\/2022\/01\/logo-night-1024x296-1.jpeg 1024w, https:\/\/asorocheservicios.com\/wp-content\/uploads\/2022\/01\/logo-night-1024x296-1-300x87.jpeg 300w, https:\/\/asorocheservicios.com\/wp-content\/uploads\/2022\/01\/logo-night-1024x296-1-768x222.jpeg 768w, https:\/\/asorocheservicios.com\/wp-content\/uploads\/2022\/01\/logo-night-1024x296-1-228x66.jpeg 228w\" sizes=\"auto, (max-width: 1024px) 100vw, 1024px\" \/><\/figure>\n\n\n\n<p class=\"has-small-font-size\">Disfruta del bosque por la noche. \u00danete a nosotros; sea testigo de una magn\u00edfica puesta de sol y prep\u00e1rese para la exuberante vida nocturna del bosque. Elija una actividad diferente y emocionante para hacer durante la noche; entrar en contacto con la naturaleza y estar preparado para interactuar con la biodiversidad del bosque nuboso. Deje que nuestros gu\u00edas profesionales le ense\u00f1en los misterios y curiosidades de la selva tropical despu\u00e9s del anochecer.<\/p>\n<\/div><\/div>\n\n\n\n<div class=\"wp-block-media-text alignwide is-stacked-on-mobile\" style=\"grid-template-columns:48% auto\"><figure class=\"wp-block-media-text__media\"><img loading=\"lazy\" decoding=\"async\" width=\"1024\" height=\"621\" src=\"http:\/\/asorocheservicios.com\/wp-content\/uploads\/2022\/01\/canopy5-1024x621.jpeg\" alt=\"\" class=\"wp-image-635 size-full\" srcset=\"https:\/\/asorocheservicios.com\/wp-content\/uploads\/2022\/01\/canopy5-1024x621.jpeg 1024w, https:\/\/asorocheservicios.com\/wp-content\/uploads\/2022\/01\/canopy5-300x182.jpeg 300w, https:\/\/asorocheservicios.com\/wp-content\/uploads\/2022\/01\/canopy5-768x466.jpeg 768w, https:\/\/asorocheservicios.com\/wp-content\/uploads\/2022\/01\/canopy5-191x116.jpeg 191w, https:\/\/asorocheservicios.com\/wp-content\/uploads\/2022\/01\/canopy5.jpeg 1170w\" sizes=\"auto, (max-width: 1024px) 100vw, 1024px\" \/><\/figure><div class=\"wp-block-media-text__content\">\n<div class=\"wp-block-image\"><figure class=\"alignright size-full\"><img loading=\"lazy\" decoding=\"async\" width=\"600\" height=\"228\" src=\"http:\/\/asorocheservicios.com\/wp-content\/uploads\/2022\/01\/tree-top-logo-600x228-1.jpeg\" alt=\"\" class=\"wp-image-624\" srcset=\"https:\/\/asorocheservicios.com\/wp-content\/uploads\/2022\/01\/tree-top-logo-600x228-1.jpeg 600w, https:\/\/asorocheservicios.com\/wp-content\/uploads\/2022\/01\/tree-top-logo-600x228-1-300x114.jpeg 300w, https:\/\/asorocheservicios.com\/wp-content\/uploads\/2022\/01\/tree-top-logo-600x228-1-228x87.jpeg 228w\" sizes=\"auto, (max-width: 600px) 100vw, 600px\" \/><\/figure><\/div>\n\n\n\n<p class=\"has-small-font-size\">Tree Top Canopy Tour se caracteriza por ser diferente. \u00bfPor qu\u00e9? Porque es facil; se realiza dentro del establecimiento del Hotel Establo lo que nos permite ofrecer a nuestros clientes horarios flexibles. Esto significa que los clientes pueden elegir pr\u00e1cticamente cuando deseen realizar el tour. Tree Top Canopy Tour est\u00e1 especialmente dise\u00f1ado para disfrutar de la espectacular vista del Golfo, la flora y la fauna.<\/p>\n<\/div><\/div>\n\n\n\n<div class=\"wp-block-media-text alignwide has-media-on-the-right is-stacked-on-mobile is-vertically-aligned-top\"><figure class=\"wp-block-media-text__media\"><img loading=\"lazy\" decoding=\"async\" width=\"474\" height=\"316\" src=\"http:\/\/asorocheservicios.com\/wp-content\/uploads\/2022\/01\/msg2.png\" alt=\"\" class=\"wp-image-638 size-full\" srcset=\"https:\/\/asorocheservicios.com\/wp-content\/uploads\/2022\/01\/msg2.png 474w, https:\/\/asorocheservicios.com\/wp-content\/uploads\/2022\/01\/msg2-300x200.png 300w, https:\/\/asorocheservicios.com\/wp-content\/uploads\/2022\/01\/msg2-174x116.png 174w\" sizes=\"auto, (max-width: 474px) 100vw, 474px\" \/><\/figure><div class=\"wp-block-media-text__content\">\n<div class=\"wp-block-image\"><figure class=\"alignright size-full\"><img loading=\"lazy\" decoding=\"async\" width=\"768\" height=\"309\" src=\"http:\/\/asorocheservicios.com\/wp-content\/uploads\/2022\/01\/green-leaf-spa-768x309-1.jpeg\" alt=\"\" class=\"wp-image-625\" srcset=\"https:\/\/asorocheservicios.com\/wp-content\/uploads\/2022\/01\/green-leaf-spa-768x309-1.jpeg 768w, https:\/\/asorocheservicios.com\/wp-content\/uploads\/2022\/01\/green-leaf-spa-768x309-1-300x121.jpeg 300w, https:\/\/asorocheservicios.com\/wp-content\/uploads\/2022\/01\/green-leaf-spa-768x309-1-228x92.jpeg 228w\" sizes=\"auto, (max-width: 768px) 100vw, 768px\" \/><\/figure><\/div>\n\n\n\n<p class=\"has-small-font-size\">Nuestra misi\u00f3n en Green Leaf Spa es rejuvenecer, enfoc\u00e1ndonos en la belleza, la salud y su bienestar. Deja atr\u00e1s el estr\u00e9s diario y date un capricho con una visita a nuestro Spa. Ofrecemos diferentes tipos de tratamientos para mimar a nuestros clientes de la cabeza a los pies.<\/p>\n<\/div><\/div>\n\n\n\n<p class=\"has-large-font-size\"><strong>Suite, Restaurante &amp; Eventos <\/strong><\/p>\n\n\n\n<div class=\"wp-block-group\"><div class=\"wp-block-group__inner-container is-layout-flow wp-block-group-is-layout-flow\">\n<div class=\"wp-block-columns is-layout-flex wp-container-core-columns-is-layout-1 wp-block-columns-is-layout-flex\">\n<div class=\"wp-block-column is-layout-flow wp-block-column-is-layout-flow\">\n<figure class=\"wp-block-gallery columns-2 is-cropped wp-block-gallery-1 is-layout-flex wp-block-gallery-is-layout-flex\"><ul class=\"blocks-gallery-grid\"><li class=\"blocks-gallery-item\"><figure><img loading=\"lazy\" decoding=\"async\" width=\"1024\" height=\"626\" src=\"http:\/\/asorocheservicios.com\/wp-content\/uploads\/2022\/01\/laggus4-1024x626.jpeg\" alt=\"\" data-id=\"627\" data-full-url=\"http:\/\/asorocheservicios.com\/wp-content\/uploads\/2022\/01\/laggus4.jpeg\" data-link=\"http:\/\/asorocheservicios.com\/?attachment_id=627\" class=\"wp-image-627\" srcset=\"https:\/\/asorocheservicios.com\/wp-content\/uploads\/2022\/01\/laggus4-1024x626.jpeg 1024w, https:\/\/asorocheservicios.com\/wp-content\/uploads\/2022\/01\/laggus4-300x183.jpeg 300w, https:\/\/asorocheservicios.com\/wp-content\/uploads\/2022\/01\/laggus4-768x469.jpeg 768w, https:\/\/asorocheservicios.com\/wp-content\/uploads\/2022\/01\/laggus4-190x116.jpeg 190w, https:\/\/asorocheservicios.com\/wp-content\/uploads\/2022\/01\/laggus4.jpeg 1178w\" sizes=\"auto, (max-width: 1024px) 100vw, 1024px\" \/><\/figure><\/li><li class=\"blocks-gallery-item\"><figure><img loading=\"lazy\" decoding=\"async\" width=\"1024\" height=\"626\" src=\"http:\/\/asorocheservicios.com\/wp-content\/uploads\/2022\/01\/laggus5-1024x626.jpeg\" alt=\"\" data-id=\"628\" data-full-url=\"http:\/\/asorocheservicios.com\/wp-content\/uploads\/2022\/01\/laggus5.jpeg\" data-link=\"http:\/\/asorocheservicios.com\/?attachment_id=628\" class=\"wp-image-628\" srcset=\"https:\/\/asorocheservicios.com\/wp-content\/uploads\/2022\/01\/laggus5-1024x626.jpeg 1024w, https:\/\/asorocheservicios.com\/wp-content\/uploads\/2022\/01\/laggus5-300x183.jpeg 300w, https:\/\/asorocheservicios.com\/wp-content\/uploads\/2022\/01\/laggus5-768x469.jpeg 768w, https:\/\/asorocheservicios.com\/wp-content\/uploads\/2022\/01\/laggus5-190x116.jpeg 190w, https:\/\/asorocheservicios.com\/wp-content\/uploads\/2022\/01\/laggus5.jpeg 1178w\" sizes=\"auto, (max-width: 1024px) 100vw, 1024px\" \/><\/figure><\/li><li class=\"blocks-gallery-item\"><figure><img loading=\"lazy\" decoding=\"async\" width=\"1024\" height=\"626\" src=\"http:\/\/asorocheservicios.com\/wp-content\/uploads\/2022\/01\/riendas3-1024x626.jpeg\" alt=\"\" data-id=\"629\" data-full-url=\"http:\/\/asorocheservicios.com\/wp-content\/uploads\/2022\/01\/riendas3.jpeg\" data-link=\"http:\/\/asorocheservicios.com\/?attachment_id=629\" class=\"wp-image-629\" srcset=\"https:\/\/asorocheservicios.com\/wp-content\/uploads\/2022\/01\/riendas3-1024x626.jpeg 1024w, https:\/\/asorocheservicios.com\/wp-content\/uploads\/2022\/01\/riendas3-300x183.jpeg 300w, https:\/\/asorocheservicios.com\/wp-content\/uploads\/2022\/01\/riendas3-768x469.jpeg 768w, https:\/\/asorocheservicios.com\/wp-content\/uploads\/2022\/01\/riendas3-190x116.jpeg 190w, https:\/\/asorocheservicios.com\/wp-content\/uploads\/2022\/01\/riendas3.jpeg 1178w\" sizes=\"auto, (max-width: 1024px) 100vw, 1024px\" \/><\/figure><\/li><li class=\"blocks-gallery-item\"><figure><img loading=\"lazy\" decoding=\"async\" width=\"1024\" height=\"626\" src=\"http:\/\/asorocheservicios.com\/wp-content\/uploads\/2022\/01\/riendas2-1024x626.jpeg\" alt=\"\" data-id=\"630\" data-full-url=\"http:\/\/asorocheservicios.com\/wp-content\/uploads\/2022\/01\/riendas2.jpeg\" data-link=\"http:\/\/asorocheservicios.com\/?attachment_id=630\" class=\"wp-image-630\" srcset=\"https:\/\/asorocheservicios.com\/wp-content\/uploads\/2022\/01\/riendas2-1024x626.jpeg 1024w, https:\/\/asorocheservicios.com\/wp-content\/uploads\/2022\/01\/riendas2-300x183.jpeg 300w, https:\/\/asorocheservicios.com\/wp-content\/uploads\/2022\/01\/riendas2-768x469.jpeg 768w, https:\/\/asorocheservicios.com\/wp-content\/uploads\/2022\/01\/riendas2-190x116.jpeg 190w, https:\/\/asorocheservicios.com\/wp-content\/uploads\/2022\/01\/riendas2.jpeg 1178w\" sizes=\"auto, (max-width: 1024px) 100vw, 1024px\" \/><\/figure><\/li><li class=\"blocks-gallery-item\"><figure><img loading=\"lazy\" decoding=\"async\" width=\"1000\" height=\"667\" src=\"http:\/\/asorocheservicios.com\/wp-content\/uploads\/2022\/01\/Suite-El-Establo5-1000x667-1.jpeg\" alt=\"\" data-id=\"631\" data-full-url=\"http:\/\/asorocheservicios.com\/wp-content\/uploads\/2022\/01\/Suite-El-Establo5-1000x667-1.jpeg\" data-link=\"http:\/\/asorocheservicios.com\/?attachment_id=631\" class=\"wp-image-631\" srcset=\"https:\/\/asorocheservicios.com\/wp-content\/uploads\/2022\/01\/Suite-El-Establo5-1000x667-1.jpeg 1000w, https:\/\/asorocheservicios.com\/wp-content\/uploads\/2022\/01\/Suite-El-Establo5-1000x667-1-300x200.jpeg 300w, https:\/\/asorocheservicios.com\/wp-content\/uploads\/2022\/01\/Suite-El-Establo5-1000x667-1-768x512.jpeg 768w, https:\/\/asorocheservicios.com\/wp-content\/uploads\/2022\/01\/Suite-El-Establo5-1000x667-1-174x116.jpeg 174w\" sizes=\"auto, (max-width: 1000px) 100vw, 1000px\" \/><\/figure><\/li><li class=\"blocks-gallery-item\"><figure><img loading=\"lazy\" decoding=\"async\" width=\"1000\" height=\"667\" src=\"http:\/\/asorocheservicios.com\/wp-content\/uploads\/2022\/01\/Suite-El-Establo-1000x667-1.jpeg\" alt=\"\" data-id=\"632\" data-full-url=\"http:\/\/asorocheservicios.com\/wp-content\/uploads\/2022\/01\/Suite-El-Establo-1000x667-1.jpeg\" data-link=\"http:\/\/asorocheservicios.com\/?attachment_id=632\" class=\"wp-image-632\" srcset=\"https:\/\/asorocheservicios.com\/wp-content\/uploads\/2022\/01\/Suite-El-Establo-1000x667-1.jpeg 1000w, https:\/\/asorocheservicios.com\/wp-content\/uploads\/2022\/01\/Suite-El-Establo-1000x667-1-300x200.jpeg 300w, https:\/\/asorocheservicios.com\/wp-content\/uploads\/2022\/01\/Suite-El-Establo-1000x667-1-768x512.jpeg 768w, https:\/\/asorocheservicios.com\/wp-content\/uploads\/2022\/01\/Suite-El-Establo-1000x667-1-174x116.jpeg 174w\" sizes=\"auto, (max-width: 1000px) 100vw, 1000px\" \/><\/figure><\/li><li class=\"blocks-gallery-item\"><figure><img loading=\"lazy\" decoding=\"async\" width=\"1000\" height=\"667\" src=\"http:\/\/asorocheservicios.com\/wp-content\/uploads\/2022\/01\/Honeymoon-El-Establo3-1000x667-1.jpeg\" alt=\"\" data-id=\"633\" data-full-url=\"http:\/\/asorocheservicios.com\/wp-content\/uploads\/2022\/01\/Honeymoon-El-Establo3-1000x667-1.jpeg\" data-link=\"http:\/\/asorocheservicios.com\/?attachment_id=633\" class=\"wp-image-633\" srcset=\"https:\/\/asorocheservicios.com\/wp-content\/uploads\/2022\/01\/Honeymoon-El-Establo3-1000x667-1.jpeg 1000w, https:\/\/asorocheservicios.com\/wp-content\/uploads\/2022\/01\/Honeymoon-El-Establo3-1000x667-1-300x200.jpeg 300w, https:\/\/asorocheservicios.com\/wp-content\/uploads\/2022\/01\/Honeymoon-El-Establo3-1000x667-1-768x512.jpeg 768w, https:\/\/asorocheservicios.com\/wp-content\/uploads\/2022\/01\/Honeymoon-El-Establo3-1000x667-1-174x116.jpeg 174w\" sizes=\"auto, (max-width: 1000px) 100vw, 1000px\" \/><\/figure><\/li><li class=\"blocks-gallery-item\"><figure><img loading=\"lazy\" decoding=\"async\" width=\"1000\" height=\"667\" src=\"http:\/\/asorocheservicios.com\/wp-content\/uploads\/2022\/01\/Honeymoon-El-Establo1-1000x667-1.jpeg\" alt=\"\" data-id=\"634\" data-full-url=\"http:\/\/asorocheservicios.com\/wp-content\/uploads\/2022\/01\/Honeymoon-El-Establo1-1000x667-1.jpeg\" data-link=\"http:\/\/asorocheservicios.com\/?attachment_id=634\" class=\"wp-image-634\" srcset=\"https:\/\/asorocheservicios.com\/wp-content\/uploads\/2022\/01\/Honeymoon-El-Establo1-1000x667-1.jpeg 1000w, https:\/\/asorocheservicios.com\/wp-content\/uploads\/2022\/01\/Honeymoon-El-Establo1-1000x667-1-300x200.jpeg 300w, https:\/\/asorocheservicios.com\/wp-content\/uploads\/2022\/01\/Honeymoon-El-Establo1-1000x667-1-768x512.jpeg 768w, https:\/\/asorocheservicios.com\/wp-content\/uploads\/2022\/01\/Honeymoon-El-Establo1-1000x667-1-174x116.jpeg 174w\" sizes=\"auto, (max-width: 1000px) 100vw, 1000px\" \/><\/figure><\/li><li class=\"blocks-gallery-item\"><figure><img loading=\"lazy\" decoding=\"async\" width=\"1000\" height=\"667\" src=\"http:\/\/asorocheservicios.com\/wp-content\/uploads\/2022\/01\/Suite-El-Establo1-1000x667-1.jpeg\" alt=\"\" data-id=\"639\" data-full-url=\"http:\/\/asorocheservicios.com\/wp-content\/uploads\/2022\/01\/Suite-El-Establo1-1000x667-1.jpeg\" data-link=\"http:\/\/asorocheservicios.com\/?attachment_id=639\" class=\"wp-image-639\" srcset=\"https:\/\/asorocheservicios.com\/wp-content\/uploads\/2022\/01\/Suite-El-Establo1-1000x667-1.jpeg 1000w, https:\/\/asorocheservicios.com\/wp-content\/uploads\/2022\/01\/Suite-El-Establo1-1000x667-1-300x200.jpeg 300w, https:\/\/asorocheservicios.com\/wp-content\/uploads\/2022\/01\/Suite-El-Establo1-1000x667-1-768x512.jpeg 768w, https:\/\/asorocheservicios.com\/wp-content\/uploads\/2022\/01\/Suite-El-Establo1-1000x667-1-174x116.jpeg 174w\" sizes=\"auto, (max-width: 1000px) 100vw, 1000px\" \/><\/figure><\/li><\/ul><\/figure>\n<\/div>\n<\/div>\n<\/div><\/div>\n\n\n\n<div class=\"wp-block-image\"><figure class=\"alignright size-full\"><a href=\"http:\/\/asorocheservicios.com\/?page_id=497\"><img loading=\"lazy\" decoding=\"async\" width=\"50\" height=\"50\" src=\"http:\/\/asorocheservicios.com\/wp-content\/uploads\/2022\/01\/back-e1641881204730.png\" alt=\"\" class=\"wp-image-687\"\/><\/a><\/figure><\/div>\n","protected":false},"excerpt":{"rendered":"<p>Deseamos informarles de un nuevo convenio con El Establo Mountain Resort &amp; Private Reserve en Monteverde, este les brinda un precio especial: Tarifa de $155 la noche en habitaci\u00f3n Deluxe Aplica para 2 adultos Incluye desayuno Incluye impuestos Les adjunto el link del hotel: http:\/\/www.elestablo.com Pueden contactar a Diego Quesada al correo electr\u00f3nico info@elestablo.com ,<\/p>\n<div><a class=\"btn-filled btn\" href=\"https:\/\/asorocheservicios.com\/?page_id=141\" title=\"El Establo Mountain Resort &#038; Private Reserve\">Read More<\/a><\/div>\n","protected":false},"author":1,"featured_media":0,"parent":0,"menu_order":0,"comment_status":"closed","ping_status":"closed","template":"","meta":{"footnotes":""},"class_list":["post-141","page","type-page","status-publish","hentry"],"_links":{"self":[{"href":"https:\/\/asorocheservicios.com\/index.php?rest_route=\/wp\/v2\/pages\/141","targetHints":{"allow":["GET"]}}],"collection":[{"href":"https:\/\/asorocheservicios.com\/index.php?rest_route=\/wp\/v2\/pages"}],"about":[{"href":"https:\/\/asorocheservicios.com\/index.php?rest_route=\/wp\/v2\/types\/page"}],"author":[{"embeddable":true,"href":"https:\/\/asorocheservicios.com\/index.php?rest_route=\/wp\/v2\/users\/1"}],"replies":[{"embeddable":true,"href":"https:\/\/asorocheservicios.com\/index.php?rest_route=%2Fwp%2Fv2%2Fcomments&post=141"}],"version-history":[{"count":2,"href":"https:\/\/asorocheservicios.com\/index.php?rest_route=\/wp\/v2\/pages\/141\/revisions"}],"predecessor-version":[{"id":710,"href":"https:\/\/asorocheservicios.com\/index.php?rest_route=\/wp\/v2\/pages\/141\/revisions\/710"}],"wp:attachment":[{"href":"https:\/\/asorocheservicios.com\/index.php?rest_route=%2Fwp%2Fv2%2Fmedia&parent=141"}],"curies":[{"name":"wp","href":"https:\/\/api.w.org\/{rel}","templated":true}]}}