{"id":733,"date":"2022-02-01T18:06:54","date_gmt":"2022-02-02T00:06:54","guid":{"rendered":"http:\/\/asorocheservicios.com\/?page_id=733"},"modified":"2022-02-01T18:19:58","modified_gmt":"2022-02-02T00:19:58","slug":"valle-de-paz","status":"publish","type":"page","link":"https:\/\/asorocheservicios.com\/?page_id=733","title":{"rendered":"Valle de Paz"},"content":{"rendered":"\n<div class=\"wp-block-image\"><figure class=\"aligncenter size-full is-resized\"><img loading=\"lazy\" decoding=\"async\" src=\"http:\/\/asorocheservicios.com\/wp-content\/uploads\/2022\/02\/Valle_paz.jpeg\" alt=\"\" class=\"wp-image-734\" width=\"440\" height=\"350\" srcset=\"https:\/\/asorocheservicios.com\/wp-content\/uploads\/2022\/02\/Valle_paz.jpeg 792w, https:\/\/asorocheservicios.com\/wp-content\/uploads\/2022\/02\/Valle_paz-300x239.jpeg 300w, https:\/\/asorocheservicios.com\/wp-content\/uploads\/2022\/02\/Valle_paz-768x611.jpeg 768w, https:\/\/asorocheservicios.com\/wp-content\/uploads\/2022\/02\/Valle_paz-146x116.jpeg 146w\" sizes=\"auto, (max-width: 440px) 100vw, 440px\" \/><\/figure><\/div>\n\n\n\n<p><\/p>\n\n\n\n<p>Servicio Funerario y Cremaci\u00f3n<br>Traslado nivel nacional<br>Capilla de Velaci\u00f3n<br>Maquillaje y arreglo del cuerpo<br>Cofre madera est\u00e1ndar<br>Libro de condolencias, 5 arreglos florales y decoraci\u00f3n de la Iglesia<br>Carroza<br>P\u00f3liza C$2,000,000 colones<\/p>\n\n\n\n<p>Contacto:  <\/p>\n\n\n\n<p>Tel: 8315-3600 <\/p>\n\n\n\n<p>Shirley Chaves<\/p>\n\n\n\n<p>Email: schaves@valledepazcr.com<\/p>\n\n\n\n<figure class=\"wp-block-gallery has-nested-images columns-default is-cropped wp-block-gallery-1 is-layout-flex wp-block-gallery-is-layout-flex\">\n<figure class=\"wp-block-image size-large\"><img loading=\"lazy\" decoding=\"async\" width=\"555\" height=\"371\" data-id=\"740\" src=\"http:\/\/asorocheservicios.com\/wp-content\/uploads\/2022\/02\/galeria-sucursal-heredia-05.jpeg\" alt=\"\" class=\"wp-image-740\" srcset=\"https:\/\/asorocheservicios.com\/wp-content\/uploads\/2022\/02\/galeria-sucursal-heredia-05.jpeg 555w, https:\/\/asorocheservicios.com\/wp-content\/uploads\/2022\/02\/galeria-sucursal-heredia-05-300x201.jpeg 300w, https:\/\/asorocheservicios.com\/wp-content\/uploads\/2022\/02\/galeria-sucursal-heredia-05-174x116.jpeg 174w\" sizes=\"auto, (max-width: 555px) 100vw, 555px\" \/><\/figure>\n\n\n\n<figure class=\"wp-block-image size-large\"><img loading=\"lazy\" decoding=\"async\" width=\"1024\" height=\"461\" data-id=\"739\" src=\"http:\/\/asorocheservicios.com\/wp-content\/uploads\/2022\/02\/header-sucursal-valledepaz-heredia-1-1024x461.jpeg\" alt=\"\" class=\"wp-image-739\" srcset=\"https:\/\/asorocheservicios.com\/wp-content\/uploads\/2022\/02\/header-sucursal-valledepaz-heredia-1-1024x461.jpeg 1024w, https:\/\/asorocheservicios.com\/wp-content\/uploads\/2022\/02\/header-sucursal-valledepaz-heredia-1-300x135.jpeg 300w, https:\/\/asorocheservicios.com\/wp-content\/uploads\/2022\/02\/header-sucursal-valledepaz-heredia-1-768x346.jpeg 768w, https:\/\/asorocheservicios.com\/wp-content\/uploads\/2022\/02\/header-sucursal-valledepaz-heredia-1-1536x692.jpeg 1536w, https:\/\/asorocheservicios.com\/wp-content\/uploads\/2022\/02\/header-sucursal-valledepaz-heredia-1-228x103.jpeg 228w, https:\/\/asorocheservicios.com\/wp-content\/uploads\/2022\/02\/header-sucursal-valledepaz-heredia-1.jpeg 1920w\" sizes=\"auto, (max-width: 1024px) 100vw, 1024px\" \/><\/figure>\n\n\n\n<figure class=\"wp-block-image size-large\"><img loading=\"lazy\" decoding=\"async\" width=\"555\" height=\"371\" data-id=\"741\" src=\"http:\/\/asorocheservicios.com\/wp-content\/uploads\/2022\/02\/galeria-camposanto-tres-rios-01.jpeg\" alt=\"\" class=\"wp-image-741\" srcset=\"https:\/\/asorocheservicios.com\/wp-content\/uploads\/2022\/02\/galeria-camposanto-tres-rios-01.jpeg 555w, https:\/\/asorocheservicios.com\/wp-content\/uploads\/2022\/02\/galeria-camposanto-tres-rios-01-300x201.jpeg 300w, https:\/\/asorocheservicios.com\/wp-content\/uploads\/2022\/02\/galeria-camposanto-tres-rios-01-174x116.jpeg 174w\" sizes=\"auto, (max-width: 555px) 100vw, 555px\" \/><\/figure>\n\n\n\n<figure class=\"wp-block-image size-large\"><img loading=\"lazy\" decoding=\"async\" width=\"275\" height=\"183\" data-id=\"736\" src=\"http:\/\/asorocheservicios.com\/wp-content\/uploads\/2022\/02\/campo2.jpeg\" alt=\"\" class=\"wp-image-736\" srcset=\"https:\/\/asorocheservicios.com\/wp-content\/uploads\/2022\/02\/campo2.jpeg 275w, https:\/\/asorocheservicios.com\/wp-content\/uploads\/2022\/02\/campo2-174x116.jpeg 174w\" sizes=\"auto, (max-width: 275px) 100vw, 275px\" \/><\/figure>\n\n\n\n<figure class=\"wp-block-image size-large\"><img loading=\"lazy\" decoding=\"async\" width=\"555\" height=\"371\" data-id=\"737\" src=\"http:\/\/asorocheservicios.com\/wp-content\/uploads\/2022\/02\/galeria-camposanto-tres-rios-02.jpeg\" alt=\"\" class=\"wp-image-737\" srcset=\"https:\/\/asorocheservicios.com\/wp-content\/uploads\/2022\/02\/galeria-camposanto-tres-rios-02.jpeg 555w, https:\/\/asorocheservicios.com\/wp-content\/uploads\/2022\/02\/galeria-camposanto-tres-rios-02-300x201.jpeg 300w, https:\/\/asorocheservicios.com\/wp-content\/uploads\/2022\/02\/galeria-camposanto-tres-rios-02-174x116.jpeg 174w\" sizes=\"auto, (max-width: 555px) 100vw, 555px\" \/><\/figure>\n\n\n\n<figure class=\"wp-block-image size-large\"><img loading=\"lazy\" decoding=\"async\" width=\"275\" height=\"183\" data-id=\"738\" src=\"http:\/\/asorocheservicios.com\/wp-content\/uploads\/2022\/02\/campo1.jpeg\" alt=\"\" class=\"wp-image-738\" srcset=\"https:\/\/asorocheservicios.com\/wp-content\/uploads\/2022\/02\/campo1.jpeg 275w, https:\/\/asorocheservicios.com\/wp-content\/uploads\/2022\/02\/campo1-174x116.jpeg 174w\" sizes=\"auto, (max-width: 275px) 100vw, 275px\" \/><\/figure>\n<\/figure>\n\n\n\n<div class=\"wp-block-image\"><figure class=\"alignright size-full\"><a href=\"http:\/\/asorocheservicios.com\/?page_id=524\"><img loading=\"lazy\" decoding=\"async\" width=\"50\" height=\"50\" src=\"http:\/\/asorocheservicios.com\/wp-content\/uploads\/2022\/01\/back-e1641881204730.png\" alt=\"\" class=\"wp-image-687\"\/><\/a><\/figure><\/div>\n","protected":false},"excerpt":{"rendered":"<p>Servicio Funerario y Cremaci\u00f3nTraslado nivel nacionalCapilla de Velaci\u00f3nMaquillaje y arreglo del cuerpoCofre madera est\u00e1ndarLibro de condolencias, 5 arreglos florales y decoraci\u00f3n de la IglesiaCarrozaP\u00f3liza C$2,000,000 colones Contacto: Tel: 8315-3600 Shirley Chaves Email: schaves@valledepazcr.com<\/p>\n","protected":false},"author":1,"featured_media":0,"parent":0,"menu_order":0,"comment_status":"closed","ping_status":"closed","template":"","meta":{"footnotes":""},"class_list":["post-733","page","type-page","status-publish","hentry"],"_links":{"self":[{"href":"https:\/\/asorocheservicios.com\/index.php?rest_route=\/wp\/v2\/pages\/733","targetHints":{"allow":["GET"]}}],"collection":[{"href":"https:\/\/asorocheservicios.com\/index.php?rest_route=\/wp\/v2\/pages"}],"about":[{"href":"https:\/\/asorocheservicios.com\/index.php?rest_route=\/wp\/v2\/types\/page"}],"author":[{"embeddable":true,"href":"https:\/\/asorocheservicios.com\/index.php?rest_route=\/wp\/v2\/users\/1"}],"replies":[{"embeddable":true,"href":"https:\/\/asorocheservicios.com\/index.php?rest_route=%2Fwp%2Fv2%2Fcomments&post=733"}],"version-history":[{"count":3,"href":"https:\/\/asorocheservicios.com\/index.php?rest_route=\/wp\/v2\/pages\/733\/revisions"}],"predecessor-version":[{"id":749,"href":"https:\/\/asorocheservicios.com\/index.php?rest_route=\/wp\/v2\/pages\/733\/revisions\/749"}],"wp:attachment":[{"href":"https:\/\/asorocheservicios.com\/index.php?rest_route=%2Fwp%2Fv2%2Fmedia&parent=733"}],"curies":[{"name":"wp","href":"https:\/\/api.w.org\/{rel}","templated":true}]}}