{"id":808,"date":"2022-09-21T16:55:24","date_gmt":"2022-09-21T22:55:24","guid":{"rendered":"https:\/\/asorocheservicios.com\/?page_id=808"},"modified":"2022-09-21T17:05:40","modified_gmt":"2022-09-21T23:05:40","slug":"smart-fit","status":"publish","type":"page","link":"https:\/\/asorocheservicios.com\/?page_id=808","title":{"rendered":"Smart Fit"},"content":{"rendered":"\n<p>Convenio con Gimnasio Smart Fit con los siguientes beneficios:<\/p>\n\n\n\n<p>NO PAGO DE INSCRIPCI\u00d3N representa un ahorro entre $9,99 -19,99 + impuestos.<\/p>\n\n\n\n<p>NO PAGO DE MANTENIMIENTO representa ahorro de $39,99.<\/p>\n\n\n\n<p>NO CL\u00c1USULA DE PERMANENCIA.<\/p>\n\n\n\n<p>SOLO pagar\u00edan mensualidad del PLAN BLACK a $31,99 +IVA.<\/p>\n\n\n\n<p>Ingreso a todas las sedes a Nivel Nacional e Internacional.<\/p>\n\n\n\n<p>5 ingresos o cupos gratis mensualmente para amigos o familiares gratis.<\/p>\n\n\n\n<p>Acceso sal\u00f3n Spa.<\/p>\n\n\n\n<p>Acceso a clases grupales.<\/p>\n\n\n\n<p>Aplicaci\u00f3n m\u00f3vil Smart Fit app con tu entrenador virtual y un completo sistema de seguimiento en l\u00ednea de tu progreso f\u00edsico.<\/p>\n\n\n\n<p>Botones de alerta para llamar a un entrenador.<\/p>\n\n\n\n<figure class=\"wp-block-image size-large\"><img loading=\"lazy\" decoding=\"async\" width=\"1024\" height=\"842\" src=\"https:\/\/asorocheservicios.com\/wp-content\/uploads\/2022\/09\/smartfit-1024x842.png\" alt=\"\" class=\"wp-image-809\" srcset=\"https:\/\/asorocheservicios.com\/wp-content\/uploads\/2022\/09\/smartfit-1024x842.png 1024w, https:\/\/asorocheservicios.com\/wp-content\/uploads\/2022\/09\/smartfit-300x247.png 300w, https:\/\/asorocheservicios.com\/wp-content\/uploads\/2022\/09\/smartfit-768x632.png 768w, https:\/\/asorocheservicios.com\/wp-content\/uploads\/2022\/09\/smartfit-141x116.png 141w, https:\/\/asorocheservicios.com\/wp-content\/uploads\/2022\/09\/smartfit.png 1374w\" sizes=\"auto, (max-width: 1024px) 100vw, 1024px\" \/><\/figure>\n\n\n<div class=\"wp-block-image\">\n<figure class=\"alignright size-full\"><a href=\"http:\/\/asorocheservicios.com\/?page_id=507\"><img loading=\"lazy\" decoding=\"async\" width=\"50\" height=\"50\" src=\"http:\/\/asorocheservicios.com\/wp-content\/uploads\/2022\/01\/back-e1641881204730.png\" alt=\"\" class=\"wp-image-687\"\/><\/a><\/figure><\/div>","protected":false},"excerpt":{"rendered":"<p>Convenio con Gimnasio Smart Fit con los siguientes beneficios: NO PAGO DE INSCRIPCI\u00d3N representa un ahorro entre $9,99 -19,99 + impuestos. NO PAGO DE MANTENIMIENTO representa ahorro de $39,99. NO CL\u00c1USULA DE PERMANENCIA. SOLO pagar\u00edan mensualidad del PLAN BLACK a $31,99 +IVA. Ingreso a todas las sedes a Nivel Nacional e Internacional. 5 ingresos o<\/p>\n<div><a class=\"btn-filled btn\" href=\"https:\/\/asorocheservicios.com\/?page_id=808\" title=\"Smart Fit\">Read More<\/a><\/div>\n","protected":false},"author":1,"featured_media":0,"parent":0,"menu_order":0,"comment_status":"closed","ping_status":"closed","template":"","meta":{"footnotes":""},"class_list":["post-808","page","type-page","status-publish","hentry"],"_links":{"self":[{"href":"https:\/\/asorocheservicios.com\/index.php?rest_route=\/wp\/v2\/pages\/808","targetHints":{"allow":["GET"]}}],"collection":[{"href":"https:\/\/asorocheservicios.com\/index.php?rest_route=\/wp\/v2\/pages"}],"about":[{"href":"https:\/\/asorocheservicios.com\/index.php?rest_route=\/wp\/v2\/types\/page"}],"author":[{"embeddable":true,"href":"https:\/\/asorocheservicios.com\/index.php?rest_route=\/wp\/v2\/users\/1"}],"replies":[{"embeddable":true,"href":"https:\/\/asorocheservicios.com\/index.php?rest_route=%2Fwp%2Fv2%2Fcomments&post=808"}],"version-history":[{"count":4,"href":"https:\/\/asorocheservicios.com\/index.php?rest_route=\/wp\/v2\/pages\/808\/revisions"}],"predecessor-version":[{"id":817,"href":"https:\/\/asorocheservicios.com\/index.php?rest_route=\/wp\/v2\/pages\/808\/revisions\/817"}],"wp:attachment":[{"href":"https:\/\/asorocheservicios.com\/index.php?rest_route=%2Fwp%2Fv2%2Fmedia&parent=808"}],"curies":[{"name":"wp","href":"https:\/\/api.w.org\/{rel}","templated":true}]}}