{"id":873,"date":"2022-10-26T18:10:03","date_gmt":"2022-10-27T00:10:03","guid":{"rendered":"https:\/\/asorocheservicios.com\/?page_id=873"},"modified":"2022-10-26T18:17:11","modified_gmt":"2022-10-27T00:17:11","slug":"clinica-2020","status":"publish","type":"page","link":"https:\/\/asorocheservicios.com\/?page_id=873","title":{"rendered":"Cl\u00ednica 2020"},"content":{"rendered":"\n<p><\/p>\n\n\n\n<figure class=\"wp-block-image size-large\"><img loading=\"lazy\" decoding=\"async\" width=\"1024\" height=\"683\" src=\"https:\/\/asorocheservicios.com\/wp-content\/uploads\/2022\/10\/imagen-clinica-2-1024x683.jpg\" alt=\"\" class=\"wp-image-874\" srcset=\"https:\/\/asorocheservicios.com\/wp-content\/uploads\/2022\/10\/imagen-clinica-2-1024x683.jpg 1024w, https:\/\/asorocheservicios.com\/wp-content\/uploads\/2022\/10\/imagen-clinica-2-300x200.jpg 300w, https:\/\/asorocheservicios.com\/wp-content\/uploads\/2022\/10\/imagen-clinica-2-768x512.jpg 768w, https:\/\/asorocheservicios.com\/wp-content\/uploads\/2022\/10\/imagen-clinica-2-1536x1024.jpg 1536w, https:\/\/asorocheservicios.com\/wp-content\/uploads\/2022\/10\/imagen-clinica-2-2048x1365.jpg 2048w, https:\/\/asorocheservicios.com\/wp-content\/uploads\/2022\/10\/imagen-clinica-2-174x116.jpg 174w\" sizes=\"auto, (max-width: 1024px) 100vw, 1024px\" \/><\/figure>\n\n\n\n<p class=\"has-small-font-size\">Valoraci\u00f3n Oftalmol\u00f3gica con topograf\u00eda (se realiza b\u00e1sicamente a pacientes que presentan enfermedades como miop\u00eda, astigmatismo, hipermetrop\u00eda y astigmatismo, queratocono. (Normalmente realizado de los 18 a\u00f1os a los 45 a\u00f1os de edad) La topograf\u00eda corneal es un examen esencial para el estudio de la c\u00f3rnea: Precio regular \u00a290.000 +IVA \/ Precio Especial \u00a260.000 +IVA.<\/p>\n\n\n\n<p class=\"has-small-font-size\">Valoraci\u00f3n Oftalmol\u00f3gica con topograf\u00eda, biometr\u00eda y microscopia especular: (se realiza b\u00e1sicamente a pacientes que presentan enfermedades como miop\u00eda, astigmatismo, hipermetrop\u00eda y astigmatismo, cataratas, presbicia y de los 45 a\u00f1os a los 90 a\u00f1os) La topograf\u00eda corneal es un examen esencial para el estudio de la c\u00f3rnea: Precio regular \u00a2105.000 + IVA \/ Precio Especial \u00a275.000 +IVA.<\/p>\n\n\n\n<p class=\"has-small-font-size\">Cirug\u00edas refractivas: Existen varias t\u00e9cnicas seg\u00fan el diagn\u00f3stico de cada paciente por lo que se les hace un descuento de $100.<\/p>\n\n\n\n<p class=\"has-small-font-size\">Cirug\u00edas para tratar el queratocono, \u00fanicamente en caso de crosslinking o de implante anillos intraestromales: seg\u00fan el diagn\u00f3stico del especialista. Descuento de $100.<\/p>\n\n\n\n<p class=\"has-small-font-size\">Cirug\u00edas de catarata: Existen varias t\u00e9cnicas seg\u00fan el diagn\u00f3stico de cada paciente por lo que se les hace descuento de $100.<\/p>\n\n\n\n<p class=\"has-small-font-size\">Kit de medicamentos: El kit de medicamentos es usado en las cirug\u00edas refractivas, catarata, anillos intraestromales contiene el medicamento en gota que el paciente requiere para despu\u00e9s de la cirug\u00eda, as\u00ed como tambi\u00e9n lentes oscuros y protectores, con un valor de $80.00 &#8211; $100 dependiendo de la cirug\u00eda que ser\u00e1 incluido en el precio.<\/p>\n\n\n<div class=\"wp-block-image\">\n<figure class=\"alignright size-full\"><a href=\"http:\/\/asorocheservicios.com\/?page_id=446\"><img loading=\"lazy\" decoding=\"async\" width=\"50\" height=\"50\" src=\"https:\/\/asorocheservicios.com\/wp-content\/uploads\/2022\/10\/LOGO-REVERSA-1.png\" alt=\"\" class=\"wp-image-876\"\/><\/a><\/figure><\/div>","protected":false},"excerpt":{"rendered":"<p>Valoraci\u00f3n Oftalmol\u00f3gica con topograf\u00eda (se realiza b\u00e1sicamente a pacientes que presentan enfermedades como miop\u00eda, astigmatismo, hipermetrop\u00eda y astigmatismo, queratocono. (Normalmente realizado de los 18 a\u00f1os a los 45 a\u00f1os de edad) La topograf\u00eda corneal es un examen esencial para el estudio de la c\u00f3rnea: Precio regular \u00a290.000 +IVA \/ Precio Especial \u00a260.000 +IVA. Valoraci\u00f3n Oftalmol\u00f3gica<\/p>\n<div><a class=\"btn-filled btn\" href=\"https:\/\/asorocheservicios.com\/?page_id=873\" title=\"Cl\u00ednica 2020\">Read More<\/a><\/div>\n","protected":false},"author":1,"featured_media":0,"parent":0,"menu_order":0,"comment_status":"closed","ping_status":"closed","template":"","meta":{"footnotes":""},"class_list":["post-873","page","type-page","status-publish","hentry"],"_links":{"self":[{"href":"https:\/\/asorocheservicios.com\/index.php?rest_route=\/wp\/v2\/pages\/873","targetHints":{"allow":["GET"]}}],"collection":[{"href":"https:\/\/asorocheservicios.com\/index.php?rest_route=\/wp\/v2\/pages"}],"about":[{"href":"https:\/\/asorocheservicios.com\/index.php?rest_route=\/wp\/v2\/types\/page"}],"author":[{"embeddable":true,"href":"https:\/\/asorocheservicios.com\/index.php?rest_route=\/wp\/v2\/users\/1"}],"replies":[{"embeddable":true,"href":"https:\/\/asorocheservicios.com\/index.php?rest_route=%2Fwp%2Fv2%2Fcomments&post=873"}],"version-history":[{"count":4,"href":"https:\/\/asorocheservicios.com\/index.php?rest_route=\/wp\/v2\/pages\/873\/revisions"}],"predecessor-version":[{"id":881,"href":"https:\/\/asorocheservicios.com\/index.php?rest_route=\/wp\/v2\/pages\/873\/revisions\/881"}],"wp:attachment":[{"href":"https:\/\/asorocheservicios.com\/index.php?rest_route=%2Fwp%2Fv2%2Fmedia&parent=873"}],"curies":[{"name":"wp","href":"https:\/\/api.w.org\/{rel}","templated":true}]}}