{"id":93,"date":"2021-06-21T21:10:36","date_gmt":"2021-06-22T03:10:36","guid":{"rendered":"http:\/\/asorocheservicios.epizy.com\/?page_id=93"},"modified":"2022-01-11T06:42:10","modified_gmt":"2022-01-11T06:42:10","slug":"terranova","status":"publish","type":"page","link":"https:\/\/asorocheservicios.com\/?page_id=93","title":{"rendered":"TerraNova"},"content":{"rendered":"\n<p>Deseamos informarles de un nuevo convenio con <strong>TerraNova Dise\u00f1o de Viajes<\/strong>:<\/p>\n\n\n\n<figure class=\"wp-block-table\"><table  class=\" table table-hover\" ><tbody><tr><td>Tipo de Servicio<\/td><td>Descuento<\/td><\/tr><tr><td>Tours de 1 d\u00eda en Costa Rica<\/td><td>5% (grupos de 10 o m\u00e1s se cotiza por aparte)<\/td><\/tr><tr><td>Hoteles en Costa Rica (bajo solicitud)<\/td><td>5%<\/td><\/tr><tr><td>Paquetes Nacionales (basicos predise\u00f1ados)<\/td><td>5%<\/td><\/tr><tr><td>Servicios Terrestres Internacionales<\/td><td>6%<\/td><\/tr><tr><td>Paquetes Terrestres Internacionales<\/td><td>6%<\/td><\/tr><tr><td>Cruceros<\/td><td>10%<\/td><\/tr><tr><td>50% de descuento en el service fee para boletos<\/td><td>Normal $30 usd \/ ASOROCHE $15 usd<\/td><\/tr><tr><td>Paquetes de Vacunaci\u00f3n en USA<br>**Solo Terrestre**<\/td><td>8%<\/td><\/tr><\/tbody><\/table><\/figure>\n\n\n\n<p>Pueden contactarlos mediante WhatsApp al 8370-6050, al correo <a href=\"mailto:info@terranova.co.cr\" target=\"_blank\" rel=\"noreferrer noopener\">info@terranova.co.cr<\/a> o en la p\u00e1gina web <a href=\"https:\/\/terranova.co.cr\/\" target=\"_blank\" rel=\"noreferrer noopener\">terranova.co.cr<\/a> para obtener el precio de Asociado. La Asociaci\u00f3n les ofrece un cr\u00e9dito de hasta 600,000 colones a 6 meses plazo para cubrir los gastos de viaje. Quiere vacunarse en USA o planear un viaje de 1 dia en Costa Rica, favor ver los adjuntos.<\/p>\n\n\n\n<p>Reiteramos nuestro compromiso en seguir trabajando en mejorar d\u00eda con d\u00eda y poder satisfacer las necesidades de nuestros asociados. \u00a1Pronto m\u00e1s buenas noticias!<\/p>\n\n\n\n<p>Atentamente,<\/p>\n\n\n\n<p>Junta Directiva ASOROCHESERVICIOS<\/p>\n\n\n\n<figure class=\"wp-block-gallery columns-2 is-cropped wp-block-gallery-1 is-layout-flex wp-block-gallery-is-layout-flex\"><ul class=\"blocks-gallery-grid\"><li class=\"blocks-gallery-item\"><figure><img loading=\"lazy\" decoding=\"async\" width=\"544\" height=\"1024\" src=\"http:\/\/asorocheservicios.com\/wp-content\/uploads\/2022\/01\/VA-544x1024.jpeg\" alt=\"\" data-id=\"593\" data-full-url=\"http:\/\/asorocheservicios.com\/wp-content\/uploads\/2022\/01\/VA.jpeg\" data-link=\"http:\/\/asorocheservicios.com\/?attachment_id=593\" class=\"wp-image-593\" srcset=\"https:\/\/asorocheservicios.com\/wp-content\/uploads\/2022\/01\/VA-544x1024.jpeg 544w, https:\/\/asorocheservicios.com\/wp-content\/uploads\/2022\/01\/VA-160x300.jpeg 160w, https:\/\/asorocheservicios.com\/wp-content\/uploads\/2022\/01\/VA-768x1445.jpeg 768w, https:\/\/asorocheservicios.com\/wp-content\/uploads\/2022\/01\/VA-817x1536.jpeg 817w, https:\/\/asorocheservicios.com\/wp-content\/uploads\/2022\/01\/VA-1089x2048.jpeg 1089w, https:\/\/asorocheservicios.com\/wp-content\/uploads\/2022\/01\/VA-62x116.jpeg 62w, https:\/\/asorocheservicios.com\/wp-content\/uploads\/2022\/01\/VA.jpeg 1276w\" sizes=\"auto, (max-width: 544px) 100vw, 544px\" \/><\/figure><\/li><li class=\"blocks-gallery-item\"><figure><img loading=\"lazy\" decoding=\"async\" width=\"627\" height=\"944\" src=\"http:\/\/asorocheservicios.com\/wp-content\/uploads\/2022\/01\/VB.jpeg\" alt=\"\" data-id=\"592\" data-full-url=\"http:\/\/asorocheservicios.com\/wp-content\/uploads\/2022\/01\/VB.jpeg\" data-link=\"http:\/\/asorocheservicios.com\/?attachment_id=592\" class=\"wp-image-592\" srcset=\"https:\/\/asorocheservicios.com\/wp-content\/uploads\/2022\/01\/VB.jpeg 627w, https:\/\/asorocheservicios.com\/wp-content\/uploads\/2022\/01\/VB-199x300.jpeg 199w, https:\/\/asorocheservicios.com\/wp-content\/uploads\/2022\/01\/VB-77x116.jpeg 77w\" sizes=\"auto, (max-width: 627px) 100vw, 627px\" \/><\/figure><\/li><\/ul><\/figure>\n\n\n\n<div data-wp-interactive=\"core\/file\" class=\"wp-block-file\"><object data-wp-bind--hidden=\"!state.hasPdfPreview\"  class=\"wp-block-file__embed\" data=\"http:\/\/asorocheservicios.com\/wp-content\/uploads\/2022\/01\/Portafolio-de-Experiencias-TerraNova.pdf\" type=\"application\/pdf\" style=\"width:100%;height:600px\" aria-label=\"Embed of Embed of Portafolio-de-Experiencias-TerraNova..\"><\/object><a href=\"http:\/\/asorocheservicios.com\/wp-content\/uploads\/2022\/01\/Portafolio-de-Experiencias-TerraNova.pdf\">Portafolio-de-Experiencias-TerraNova<\/a><a href=\"http:\/\/asorocheservicios.com\/wp-content\/uploads\/2022\/01\/Portafolio-de-Experiencias-TerraNova.pdf\" class=\"wp-block-file__button\" download>Download<\/a><\/div>\n\n\n\n<div class=\"wp-block-image\"><figure class=\"alignright size-full\"><a href=\"http:\/\/asorocheservicios.com\/?page_id=497\"><img loading=\"lazy\" decoding=\"async\" width=\"50\" height=\"50\" src=\"http:\/\/asorocheservicios.com\/wp-content\/uploads\/2022\/01\/back-e1641881204730.png\" alt=\"\" class=\"wp-image-687\"\/><\/a><\/figure><\/div>\n","protected":false},"excerpt":{"rendered":"<p>Deseamos informarles de un nuevo convenio con TerraNova Dise\u00f1o de Viajes: Tipo de Servicio Descuento Tours de 1 d\u00eda en Costa Rica 5% (grupos de 10 o m\u00e1s se cotiza por aparte) Hoteles en Costa Rica (bajo solicitud) 5% Paquetes Nacionales (basicos predise\u00f1ados) 5% Servicios Terrestres Internacionales 6% Paquetes Terrestres Internacionales 6% Cruceros 10% 50%<\/p>\n<div><a class=\"btn-filled btn\" href=\"https:\/\/asorocheservicios.com\/?page_id=93\" title=\"TerraNova\">Read More<\/a><\/div>\n","protected":false},"author":1,"featured_media":0,"parent":0,"menu_order":0,"comment_status":"closed","ping_status":"closed","template":"","meta":{"footnotes":""},"class_list":["post-93","page","type-page","status-publish","hentry"],"_links":{"self":[{"href":"https:\/\/asorocheservicios.com\/index.php?rest_route=\/wp\/v2\/pages\/93","targetHints":{"allow":["GET"]}}],"collection":[{"href":"https:\/\/asorocheservicios.com\/index.php?rest_route=\/wp\/v2\/pages"}],"about":[{"href":"https:\/\/asorocheservicios.com\/index.php?rest_route=\/wp\/v2\/types\/page"}],"author":[{"embeddable":true,"href":"https:\/\/asorocheservicios.com\/index.php?rest_route=\/wp\/v2\/users\/1"}],"replies":[{"embeddable":true,"href":"https:\/\/asorocheservicios.com\/index.php?rest_route=%2Fwp%2Fv2%2Fcomments&post=93"}],"version-history":[{"count":5,"href":"https:\/\/asorocheservicios.com\/index.php?rest_route=\/wp\/v2\/pages\/93\/revisions"}],"predecessor-version":[{"id":722,"href":"https:\/\/asorocheservicios.com\/index.php?rest_route=\/wp\/v2\/pages\/93\/revisions\/722"}],"wp:attachment":[{"href":"https:\/\/asorocheservicios.com\/index.php?rest_route=%2Fwp%2Fv2%2Fmedia&parent=93"}],"curies":[{"name":"wp","href":"https:\/\/api.w.org\/{rel}","templated":true}]}}