{"id":99,"date":"2021-06-21T22:28:38","date_gmt":"2021-06-22T04:28:38","guid":{"rendered":"http:\/\/asorocheservicios.epizy.com\/?page_id=99"},"modified":"2022-01-11T06:23:43","modified_gmt":"2022-01-11T06:23:43","slug":"country-inn-suites-by-radisson","status":"publish","type":"page","link":"https:\/\/asorocheservicios.com\/?page_id=99","title":{"rendered":"Country Inn &#038; Suites by Radisson"},"content":{"rendered":"\n<p>Deseamos informarles del nuevo convenio con Country Inn &amp; Suites by Radisson. Esta incluye los siguientes beneficios:<\/p>\n\n\n\n<p>5% de descuento sobre las tarifas<\/p>\n\n\n\n<p>10% de descuentos para eventos como Bodas, Tes, 15 a\u00f1os, bautizos entre otros<\/p>\n\n\n\n<p>Tarifa por noche Habitaci\u00f3n est\u00e1ndar $75 + IVA<\/p>\n\n\n\n<p>Ocupaci\u00f3n sencilla o doble<\/p>\n\n\n\n<p>Acceso a internet, centro de negocios y piscina<\/p>\n\n\n\n<p>Pase del dia en $35 por persona impuesto incluido y menores de 12 a\u00f1os gratis<\/p>\n\n\n\n<p>Habitaci\u00f3n est\u00e1ndar<\/p>\n\n\n\n<p>Monto consumible<\/p>\n\n\n\n<p>Promoci\u00f3n Verano Country Inn para parejas en $109 impuestos incluidos<\/p>\n\n\n\n<p>1 noche de hospedaje con cena el dia de llegada<\/p>\n\n\n\n<p>Desayuno y almuerzo incluido<\/p>\n\n\n\n<p>Promoci\u00f3n Verano Country Inn para familias $150 impuestos incluidos<\/p>\n\n\n\n<p>1 noche de hospedaje con cena el dia de llegada<\/p>\n\n\n\n<p>Desayuno y almuerzo incluido<\/p>\n\n\n\n<p>En caso de que usted desee m\u00e1s informaci\u00f3n puede enviar un correo a reservaciones@countryinns.co.cr o al tel\u00e9fono: 2239-2272.<\/p>\n\n\n\n<p>Reiteramos nuestro compromiso en seguir trabajando en mejorar d\u00eda con d\u00eda y poder satisfacer las necesidades de nuestros asociados. \u00a1Pronto m\u00e1s buenas noticias!<\/p>\n\n\n\n<p>Atentamente,<\/p>\n\n\n\n<p>Junta Directiva ASOROCHESERVICIOS<\/p>\n\n\n\n<div class=\"wp-block-group\"><div class=\"wp-block-group__inner-container is-layout-flow wp-block-group-is-layout-flow\">\n<figure class=\"wp-block-gallery columns-3 is-cropped wp-block-gallery-1 is-layout-flex wp-block-gallery-is-layout-flex\"><ul class=\"blocks-gallery-grid\"><li class=\"blocks-gallery-item\"><figure><img loading=\"lazy\" decoding=\"async\" width=\"1024\" height=\"587\" src=\"http:\/\/asorocheservicios.com\/wp-content\/uploads\/2022\/01\/Conferencias-1024x587.png\" alt=\"\" data-id=\"597\" data-full-url=\"http:\/\/asorocheservicios.com\/wp-content\/uploads\/2022\/01\/Conferencias.png\" data-link=\"http:\/\/asorocheservicios.com\/?attachment_id=597\" class=\"wp-image-597\" srcset=\"https:\/\/asorocheservicios.com\/wp-content\/uploads\/2022\/01\/Conferencias-1024x587.png 1024w, https:\/\/asorocheservicios.com\/wp-content\/uploads\/2022\/01\/Conferencias-300x172.png 300w, https:\/\/asorocheservicios.com\/wp-content\/uploads\/2022\/01\/Conferencias-768x440.png 768w, https:\/\/asorocheservicios.com\/wp-content\/uploads\/2022\/01\/Conferencias-202x116.png 202w, https:\/\/asorocheservicios.com\/wp-content\/uploads\/2022\/01\/Conferencias.png 1078w\" sizes=\"auto, (max-width: 1024px) 100vw, 1024px\" \/><\/figure><\/li><li class=\"blocks-gallery-item\"><figure><img loading=\"lazy\" decoding=\"async\" width=\"1024\" height=\"589\" src=\"http:\/\/asorocheservicios.com\/wp-content\/uploads\/2022\/01\/Bar-1024x589.png\" alt=\"\" data-id=\"598\" data-full-url=\"http:\/\/asorocheservicios.com\/wp-content\/uploads\/2022\/01\/Bar.png\" data-link=\"http:\/\/asorocheservicios.com\/?attachment_id=598\" class=\"wp-image-598\" srcset=\"https:\/\/asorocheservicios.com\/wp-content\/uploads\/2022\/01\/Bar-1024x589.png 1024w, https:\/\/asorocheservicios.com\/wp-content\/uploads\/2022\/01\/Bar-300x173.png 300w, https:\/\/asorocheservicios.com\/wp-content\/uploads\/2022\/01\/Bar-768x442.png 768w, https:\/\/asorocheservicios.com\/wp-content\/uploads\/2022\/01\/Bar-202x116.png 202w, https:\/\/asorocheservicios.com\/wp-content\/uploads\/2022\/01\/Bar.png 1338w\" sizes=\"auto, (max-width: 1024px) 100vw, 1024px\" \/><\/figure><\/li><li class=\"blocks-gallery-item\"><figure><img loading=\"lazy\" decoding=\"async\" width=\"1024\" height=\"718\" src=\"http:\/\/asorocheservicios.com\/wp-content\/uploads\/2022\/01\/Delux2-1024x718.png\" alt=\"\" data-id=\"599\" data-full-url=\"http:\/\/asorocheservicios.com\/wp-content\/uploads\/2022\/01\/Delux2.png\" data-link=\"http:\/\/asorocheservicios.com\/?attachment_id=599\" class=\"wp-image-599\" srcset=\"https:\/\/asorocheservicios.com\/wp-content\/uploads\/2022\/01\/Delux2-1024x718.png 1024w, https:\/\/asorocheservicios.com\/wp-content\/uploads\/2022\/01\/Delux2-300x210.png 300w, https:\/\/asorocheservicios.com\/wp-content\/uploads\/2022\/01\/Delux2-768x538.png 768w, https:\/\/asorocheservicios.com\/wp-content\/uploads\/2022\/01\/Delux2-1536x1077.png 1536w, https:\/\/asorocheservicios.com\/wp-content\/uploads\/2022\/01\/Delux2-166x116.png 166w, https:\/\/asorocheservicios.com\/wp-content\/uploads\/2022\/01\/Delux2.png 1598w\" sizes=\"auto, (max-width: 1024px) 100vw, 1024px\" \/><\/figure><\/li><li class=\"blocks-gallery-item\"><figure><img loading=\"lazy\" decoding=\"async\" width=\"1024\" height=\"718\" src=\"http:\/\/asorocheservicios.com\/wp-content\/uploads\/2022\/01\/Delux-1024x718.png\" alt=\"\" data-id=\"601\" data-full-url=\"http:\/\/asorocheservicios.com\/wp-content\/uploads\/2022\/01\/Delux.png\" data-link=\"http:\/\/asorocheservicios.com\/?attachment_id=601\" class=\"wp-image-601\" srcset=\"https:\/\/asorocheservicios.com\/wp-content\/uploads\/2022\/01\/Delux-1024x718.png 1024w, https:\/\/asorocheservicios.com\/wp-content\/uploads\/2022\/01\/Delux-300x210.png 300w, https:\/\/asorocheservicios.com\/wp-content\/uploads\/2022\/01\/Delux-768x538.png 768w, https:\/\/asorocheservicios.com\/wp-content\/uploads\/2022\/01\/Delux-1536x1077.png 1536w, https:\/\/asorocheservicios.com\/wp-content\/uploads\/2022\/01\/Delux-166x116.png 166w, https:\/\/asorocheservicios.com\/wp-content\/uploads\/2022\/01\/Delux.png 1598w\" sizes=\"auto, (max-width: 1024px) 100vw, 1024px\" \/><\/figure><\/li><li class=\"blocks-gallery-item\"><figure><img loading=\"lazy\" decoding=\"async\" width=\"1024\" height=\"729\" src=\"http:\/\/asorocheservicios.com\/wp-content\/uploads\/2022\/01\/Single-1024x729.png\" alt=\"\" data-id=\"602\" data-full-url=\"http:\/\/asorocheservicios.com\/wp-content\/uploads\/2022\/01\/Single.png\" data-link=\"http:\/\/asorocheservicios.com\/?attachment_id=602\" class=\"wp-image-602\" srcset=\"https:\/\/asorocheservicios.com\/wp-content\/uploads\/2022\/01\/Single-1024x729.png 1024w, https:\/\/asorocheservicios.com\/wp-content\/uploads\/2022\/01\/Single-300x214.png 300w, https:\/\/asorocheservicios.com\/wp-content\/uploads\/2022\/01\/Single-768x547.png 768w, https:\/\/asorocheservicios.com\/wp-content\/uploads\/2022\/01\/Single-1536x1094.png 1536w, https:\/\/asorocheservicios.com\/wp-content\/uploads\/2022\/01\/Single-163x116.png 163w, https:\/\/asorocheservicios.com\/wp-content\/uploads\/2022\/01\/Single.png 1598w\" sizes=\"auto, (max-width: 1024px) 100vw, 1024px\" \/><\/figure><\/li><li class=\"blocks-gallery-item\"><figure><img loading=\"lazy\" decoding=\"async\" width=\"1024\" height=\"729\" src=\"http:\/\/asorocheservicios.com\/wp-content\/uploads\/2022\/01\/cocteles-1024x729.png\" alt=\"\" data-id=\"603\" data-full-url=\"http:\/\/asorocheservicios.com\/wp-content\/uploads\/2022\/01\/cocteles.png\" data-link=\"http:\/\/asorocheservicios.com\/?attachment_id=603\" class=\"wp-image-603\" srcset=\"https:\/\/asorocheservicios.com\/wp-content\/uploads\/2022\/01\/cocteles-1024x729.png 1024w, https:\/\/asorocheservicios.com\/wp-content\/uploads\/2022\/01\/cocteles-300x214.png 300w, https:\/\/asorocheservicios.com\/wp-content\/uploads\/2022\/01\/cocteles-768x547.png 768w, https:\/\/asorocheservicios.com\/wp-content\/uploads\/2022\/01\/cocteles-1536x1094.png 1536w, https:\/\/asorocheservicios.com\/wp-content\/uploads\/2022\/01\/cocteles-163x116.png 163w, https:\/\/asorocheservicios.com\/wp-content\/uploads\/2022\/01\/cocteles.png 1598w\" sizes=\"auto, (max-width: 1024px) 100vw, 1024px\" \/><\/figure><\/li><li class=\"blocks-gallery-item\"><figure><img loading=\"lazy\" decoding=\"async\" width=\"1024\" height=\"729\" src=\"http:\/\/asorocheservicios.com\/wp-content\/uploads\/2022\/01\/Gym-1024x729.png\" alt=\"\" data-id=\"604\" data-full-url=\"http:\/\/asorocheservicios.com\/wp-content\/uploads\/2022\/01\/Gym.png\" data-link=\"http:\/\/asorocheservicios.com\/?attachment_id=604\" class=\"wp-image-604\" srcset=\"https:\/\/asorocheservicios.com\/wp-content\/uploads\/2022\/01\/Gym-1024x729.png 1024w, https:\/\/asorocheservicios.com\/wp-content\/uploads\/2022\/01\/Gym-300x214.png 300w, https:\/\/asorocheservicios.com\/wp-content\/uploads\/2022\/01\/Gym-768x547.png 768w, https:\/\/asorocheservicios.com\/wp-content\/uploads\/2022\/01\/Gym-1536x1094.png 1536w, https:\/\/asorocheservicios.com\/wp-content\/uploads\/2022\/01\/Gym-163x116.png 163w, https:\/\/asorocheservicios.com\/wp-content\/uploads\/2022\/01\/Gym.png 1598w\" sizes=\"auto, (max-width: 1024px) 100vw, 1024px\" \/><\/figure><\/li><li class=\"blocks-gallery-item\"><figure><img loading=\"lazy\" decoding=\"async\" width=\"1024\" height=\"729\" src=\"http:\/\/asorocheservicios.com\/wp-content\/uploads\/2022\/01\/room-1024x729.png\" alt=\"\" data-id=\"605\" data-full-url=\"http:\/\/asorocheservicios.com\/wp-content\/uploads\/2022\/01\/room.png\" data-link=\"http:\/\/asorocheservicios.com\/?attachment_id=605\" class=\"wp-image-605\" srcset=\"https:\/\/asorocheservicios.com\/wp-content\/uploads\/2022\/01\/room-1024x729.png 1024w, https:\/\/asorocheservicios.com\/wp-content\/uploads\/2022\/01\/room-300x214.png 300w, https:\/\/asorocheservicios.com\/wp-content\/uploads\/2022\/01\/room-768x547.png 768w, https:\/\/asorocheservicios.com\/wp-content\/uploads\/2022\/01\/room-1536x1094.png 1536w, https:\/\/asorocheservicios.com\/wp-content\/uploads\/2022\/01\/room-163x116.png 163w, https:\/\/asorocheservicios.com\/wp-content\/uploads\/2022\/01\/room.png 1598w\" sizes=\"auto, (max-width: 1024px) 100vw, 1024px\" \/><\/figure><\/li><li class=\"blocks-gallery-item\"><figure><img loading=\"lazy\" decoding=\"async\" width=\"1024\" height=\"729\" src=\"http:\/\/asorocheservicios.com\/wp-content\/uploads\/2022\/01\/Pisina2-1024x729.png\" alt=\"\" data-id=\"606\" data-full-url=\"http:\/\/asorocheservicios.com\/wp-content\/uploads\/2022\/01\/Pisina2.png\" data-link=\"http:\/\/asorocheservicios.com\/?attachment_id=606\" class=\"wp-image-606\" srcset=\"https:\/\/asorocheservicios.com\/wp-content\/uploads\/2022\/01\/Pisina2-1024x729.png 1024w, https:\/\/asorocheservicios.com\/wp-content\/uploads\/2022\/01\/Pisina2-300x214.png 300w, https:\/\/asorocheservicios.com\/wp-content\/uploads\/2022\/01\/Pisina2-768x547.png 768w, https:\/\/asorocheservicios.com\/wp-content\/uploads\/2022\/01\/Pisina2-1536x1094.png 1536w, https:\/\/asorocheservicios.com\/wp-content\/uploads\/2022\/01\/Pisina2-163x116.png 163w, https:\/\/asorocheservicios.com\/wp-content\/uploads\/2022\/01\/Pisina2.png 1598w\" sizes=\"auto, (max-width: 1024px) 100vw, 1024px\" \/><\/figure><\/li><li class=\"blocks-gallery-item\"><figure><img loading=\"lazy\" decoding=\"async\" width=\"1024\" height=\"729\" src=\"http:\/\/asorocheservicios.com\/wp-content\/uploads\/2022\/01\/Pisina-1024x729.png\" alt=\"\" data-id=\"607\" data-full-url=\"http:\/\/asorocheservicios.com\/wp-content\/uploads\/2022\/01\/Pisina.png\" data-link=\"http:\/\/asorocheservicios.com\/?attachment_id=607\" class=\"wp-image-607\" srcset=\"https:\/\/asorocheservicios.com\/wp-content\/uploads\/2022\/01\/Pisina-1024x729.png 1024w, https:\/\/asorocheservicios.com\/wp-content\/uploads\/2022\/01\/Pisina-300x214.png 300w, https:\/\/asorocheservicios.com\/wp-content\/uploads\/2022\/01\/Pisina-768x547.png 768w, https:\/\/asorocheservicios.com\/wp-content\/uploads\/2022\/01\/Pisina-1536x1094.png 1536w, https:\/\/asorocheservicios.com\/wp-content\/uploads\/2022\/01\/Pisina-163x116.png 163w, https:\/\/asorocheservicios.com\/wp-content\/uploads\/2022\/01\/Pisina.png 1598w\" sizes=\"auto, (max-width: 1024px) 100vw, 1024px\" \/><\/figure><\/li><li class=\"blocks-gallery-item\"><figure><img loading=\"lazy\" decoding=\"async\" width=\"1024\" height=\"683\" src=\"http:\/\/asorocheservicios.com\/wp-content\/uploads\/2022\/01\/doble3-1024x683.jpeg\" alt=\"\" data-id=\"608\" data-full-url=\"http:\/\/asorocheservicios.com\/wp-content\/uploads\/2022\/01\/doble3-scaled.jpeg\" data-link=\"http:\/\/asorocheservicios.com\/?attachment_id=608\" class=\"wp-image-608\" srcset=\"https:\/\/asorocheservicios.com\/wp-content\/uploads\/2022\/01\/doble3-1024x683.jpeg 1024w, https:\/\/asorocheservicios.com\/wp-content\/uploads\/2022\/01\/doble3-300x200.jpeg 300w, https:\/\/asorocheservicios.com\/wp-content\/uploads\/2022\/01\/doble3-768x512.jpeg 768w, https:\/\/asorocheservicios.com\/wp-content\/uploads\/2022\/01\/doble3-1536x1024.jpeg 1536w, https:\/\/asorocheservicios.com\/wp-content\/uploads\/2022\/01\/doble3-2048x1365.jpeg 2048w, https:\/\/asorocheservicios.com\/wp-content\/uploads\/2022\/01\/doble3-174x116.jpeg 174w\" sizes=\"auto, (max-width: 1024px) 100vw, 1024px\" \/><\/figure><\/li><li class=\"blocks-gallery-item\"><figure><img loading=\"lazy\" decoding=\"async\" width=\"1024\" height=\"683\" src=\"http:\/\/asorocheservicios.com\/wp-content\/uploads\/2022\/01\/doble2-1024x683.jpeg\" alt=\"\" data-id=\"609\" data-full-url=\"http:\/\/asorocheservicios.com\/wp-content\/uploads\/2022\/01\/doble2-scaled.jpeg\" data-link=\"http:\/\/asorocheservicios.com\/?attachment_id=609\" class=\"wp-image-609\" srcset=\"https:\/\/asorocheservicios.com\/wp-content\/uploads\/2022\/01\/doble2-1024x683.jpeg 1024w, https:\/\/asorocheservicios.com\/wp-content\/uploads\/2022\/01\/doble2-300x200.jpeg 300w, https:\/\/asorocheservicios.com\/wp-content\/uploads\/2022\/01\/doble2-768x512.jpeg 768w, https:\/\/asorocheservicios.com\/wp-content\/uploads\/2022\/01\/doble2-1536x1024.jpeg 1536w, https:\/\/asorocheservicios.com\/wp-content\/uploads\/2022\/01\/doble2-2048x1365.jpeg 2048w, https:\/\/asorocheservicios.com\/wp-content\/uploads\/2022\/01\/doble2-174x116.jpeg 174w\" sizes=\"auto, (max-width: 1024px) 100vw, 1024px\" \/><\/figure><\/li><li class=\"blocks-gallery-item\"><figure><img loading=\"lazy\" decoding=\"async\" width=\"1024\" height=\"683\" src=\"http:\/\/asorocheservicios.com\/wp-content\/uploads\/2022\/01\/doble-1024x683.jpeg\" alt=\"\" data-id=\"610\" data-full-url=\"http:\/\/asorocheservicios.com\/wp-content\/uploads\/2022\/01\/doble-scaled.jpeg\" data-link=\"http:\/\/asorocheservicios.com\/?attachment_id=610\" class=\"wp-image-610\" srcset=\"https:\/\/asorocheservicios.com\/wp-content\/uploads\/2022\/01\/doble-1024x683.jpeg 1024w, https:\/\/asorocheservicios.com\/wp-content\/uploads\/2022\/01\/doble-300x200.jpeg 300w, https:\/\/asorocheservicios.com\/wp-content\/uploads\/2022\/01\/doble-768x512.jpeg 768w, https:\/\/asorocheservicios.com\/wp-content\/uploads\/2022\/01\/doble-1536x1024.jpeg 1536w, https:\/\/asorocheservicios.com\/wp-content\/uploads\/2022\/01\/doble-2048x1365.jpeg 2048w, https:\/\/asorocheservicios.com\/wp-content\/uploads\/2022\/01\/doble-174x116.jpeg 174w\" sizes=\"auto, (max-width: 1024px) 100vw, 1024px\" \/><\/figure><\/li><li class=\"blocks-gallery-item\"><figure><img loading=\"lazy\" decoding=\"async\" width=\"800\" height=\"610\" src=\"http:\/\/asorocheservicios.com\/wp-content\/uploads\/2022\/01\/tienda.jpeg\" alt=\"\" data-id=\"611\" data-full-url=\"http:\/\/asorocheservicios.com\/wp-content\/uploads\/2022\/01\/tienda.jpeg\" data-link=\"http:\/\/asorocheservicios.com\/?attachment_id=611\" class=\"wp-image-611\" srcset=\"https:\/\/asorocheservicios.com\/wp-content\/uploads\/2022\/01\/tienda.jpeg 800w, https:\/\/asorocheservicios.com\/wp-content\/uploads\/2022\/01\/tienda-300x229.jpeg 300w, https:\/\/asorocheservicios.com\/wp-content\/uploads\/2022\/01\/tienda-768x586.jpeg 768w, https:\/\/asorocheservicios.com\/wp-content\/uploads\/2022\/01\/tienda-152x116.jpeg 152w\" sizes=\"auto, (max-width: 800px) 100vw, 800px\" \/><\/figure><\/li><\/ul><\/figure>\n<\/div><\/div>\n\n\n\n<div class=\"wp-block-image\"><figure class=\"alignright size-full\"><a href=\"http:\/\/asorocheservicios.com\/?page_id=497\"><img loading=\"lazy\" decoding=\"async\" width=\"50\" height=\"50\" src=\"http:\/\/asorocheservicios.com\/wp-content\/uploads\/2022\/01\/back-e1641881204730.png\" alt=\"\" class=\"wp-image-687\"\/><\/a><\/figure><\/div>\n","protected":false},"excerpt":{"rendered":"<p>Deseamos informarles del nuevo convenio con Country Inn &amp; Suites by Radisson. Esta incluye los siguientes beneficios: 5% de descuento sobre las tarifas 10% de descuentos para eventos como Bodas, Tes, 15 a\u00f1os, bautizos entre otros Tarifa por noche Habitaci\u00f3n est\u00e1ndar $75 + IVA Ocupaci\u00f3n sencilla o doble Acceso a internet, centro de negocios y<\/p>\n<div><a class=\"btn-filled btn\" href=\"https:\/\/asorocheservicios.com\/?page_id=99\" title=\"Country Inn &#038; Suites by Radisson\">Read More<\/a><\/div>\n","protected":false},"author":1,"featured_media":0,"parent":0,"menu_order":0,"comment_status":"closed","ping_status":"closed","template":"","meta":{"footnotes":""},"class_list":["post-99","page","type-page","status-publish","hentry"],"_links":{"self":[{"href":"https:\/\/asorocheservicios.com\/index.php?rest_route=\/wp\/v2\/pages\/99","targetHints":{"allow":["GET"]}}],"collection":[{"href":"https:\/\/asorocheservicios.com\/index.php?rest_route=\/wp\/v2\/pages"}],"about":[{"href":"https:\/\/asorocheservicios.com\/index.php?rest_route=\/wp\/v2\/types\/page"}],"author":[{"embeddable":true,"href":"https:\/\/asorocheservicios.com\/index.php?rest_route=\/wp\/v2\/users\/1"}],"replies":[{"embeddable":true,"href":"https:\/\/asorocheservicios.com\/index.php?rest_route=%2Fwp%2Fv2%2Fcomments&post=99"}],"version-history":[{"count":2,"href":"https:\/\/asorocheservicios.com\/index.php?rest_route=\/wp\/v2\/pages\/99\/revisions"}],"predecessor-version":[{"id":708,"href":"https:\/\/asorocheservicios.com\/index.php?rest_route=\/wp\/v2\/pages\/99\/revisions\/708"}],"wp:attachment":[{"href":"https:\/\/asorocheservicios.com\/index.php?rest_route=%2Fwp%2Fv2%2Fmedia&parent=99"}],"curies":[{"name":"wp","href":"https:\/\/api.w.org\/{rel}","templated":true}]}}